{"id":285,"date":"2025-05-30T12:50:34","date_gmt":"2025-05-30T10:50:34","guid":{"rendered":"https:\/\/tedas.fr\/?page_id=285"},"modified":"2025-05-30T12:56:06","modified_gmt":"2025-05-30T10:56:06","slug":"mentions-legales","status":"publish","type":"page","link":"https:\/\/tedas.fr\/?page_id=285","title":{"rendered":"Mentions legales"},"content":{"rendered":"<p>[et_pb_section fb_built=\u00a0\u00bb1&Prime; admin_label=\u00a0\u00bbHeader\u00a0\u00bb _builder_version=\u00a0\u00bb4.18.0&Prime; _module_preset=\u00a0\u00bbdefault\u00a0\u00bb collapsed=\u00a0\u00bbon\u00a0\u00bb global_colors_info=\u00a0\u00bb{}\u00a0\u00bb theme_builder_area=\u00a0\u00bbpost_content\u00a0\u00bb][et_pb_row _builder_version=\u00a0\u00bb4.18.0&Prime; _module_preset=\u00a0\u00bbdefault\u00a0\u00bb border_color_all=\u00a0\u00bb#000000&Prime; border_width_bottom=\u00a0\u00bb1px\u00a0\u00bb global_colors_info=\u00a0\u00bb{}\u00a0\u00bb theme_builder_area=\u00a0\u00bbpost_content\u00a0\u00bb][et_pb_column type=\u00a0\u00bb4_4&Prime; _builder_version=\u00a0\u00bb4.18.0&Prime; _module_preset=\u00a0\u00bbdefault\u00a0\u00bb global_colors_info=\u00a0\u00bb{}\u00a0\u00bb theme_builder_area=\u00a0\u00bbpost_content\u00a0\u00bb][et_pb_text _builder_version=\u00a0\u00bb4.27.4&Prime; _module_preset=\u00a0\u00bbc16985e1-e0d6-4022-964d-e2bfc04fa633&Prime; header_font=\u00a0\u00bbSpace Grotesk|500|||||||\u00a0\u00bb header_text_color=\u00a0\u00bb#000000&Prime; header_font_size=\u00a0\u00bb80px\u00a0\u00bb header_line_height=\u00a0\u00bb1.2em\u00a0\u00bb custom_margin=\u00a0\u00bb||||false|false\u00a0\u00bb hover_enabled=\u00a0\u00bb0&Prime; header_font_size_tablet=\u00a0\u00bb40px\u00a0\u00bb header_font_size_phone=\u00a0\u00bb24px\u00a0\u00bb header_font_size_last_edited=\u00a0\u00bbon|desktop\u00a0\u00bb global_colors_info=\u00a0\u00bb{}\u00a0\u00bb theme_builder_area=\u00a0\u00bbpost_content\u00a0\u00bb sticky_enabled=\u00a0\u00bb0&Prime;]<\/p>\n<h1>Mentions l\u00e9gales<\/h1>\n<p>[\/et_pb_text][\/et_pb_column][\/et_pb_row][et_pb_row _builder_version=\u00a0\u00bb4.18.0&Prime; _module_preset=\u00a0\u00bbdefault\u00a0\u00bb global_colors_info=\u00a0\u00bb{}\u00a0\u00bb theme_builder_area=\u00a0\u00bbpost_content\u00a0\u00bb][et_pb_column type=\u00a0\u00bb4_4&Prime; _builder_version=\u00a0\u00bb4.18.0&Prime; _module_preset=\u00a0\u00bbdefault\u00a0\u00bb global_colors_info=\u00a0\u00bb{}\u00a0\u00bb theme_builder_area=\u00a0\u00bbpost_content\u00a0\u00bb][et_pb_text _builder_version=\u00a0\u00bb4.27.4&Prime; _module_preset=\u00a0\u00bbaaa7c440-590a-4078-ae0c-0f3c699ac51c\u00a0\u00bb header_font=\u00a0\u00bb||||||||\u00a0\u00bb header_3_font=\u00a0\u00bbSpace Grotesk|500|||||||\u00a0\u00bb header_3_font_size=\u00a0\u00bb28px\u00a0\u00bb header_3_line_height=\u00a0\u00bb1.4em\u00a0\u00bb hover_enabled=\u00a0\u00bb0&Prime; header_3_font_size_tablet=\u00a0\u00bb20px\u00a0\u00bb header_3_font_size_phone=\u00a0\u00bb16px\u00a0\u00bb header_3_font_size_last_edited=\u00a0\u00bbon|phone\u00a0\u00bb global_colors_info=\u00a0\u00bb{}\u00a0\u00bb theme_builder_area=\u00a0\u00bbpost_content\u00a0\u00bb sticky_enabled=\u00a0\u00bb0&Prime;]<\/p>\n<p>\u00c9diteur du site :<br \/>TE.DAS (TECHNI ENTRETIEN &#8211; DAUPHINE ASSAINISSEMENT SERVICES)<br \/>SARL au capital de 160 657,50 \u20ac<br \/>SIREN : 340 042 498 \u2013 RCS Grenoble<br \/>Adresse : 501 rue Aristide Berg\u00e8s, 38330 Montbonnot-Saint-Martin<br \/>Email : contact@tedas.fr (\u00e0 adapter)<br \/>Num\u00e9ro de TVA intracommunautaire : FR40340042498<br \/>Dirigeants : Patrice Massador, Laurent Tournier-Trouiller, Johan Collomb<\/p>\n<p>H\u00e9bergement du site :<br \/>Nom de l\u2019h\u00e9bergeur (ex : OVH, IONOS, etc.)<br \/>Adresse de l\u2019h\u00e9bergeur<br \/>T\u00e9l\u00e9phone de l\u2019h\u00e9bergeur<\/p>\n<p>Responsabilit\u00e9 :<br \/>L\u2019\u00e9diteur met tout en \u0153uvre pour fournir des informations pr\u00e9cises. Cependant, la soci\u00e9t\u00e9 ne saurait \u00eatre tenue responsable des erreurs ou omissions \u00e9ventuelles.<\/p>\n<p>[\/et_pb_text][\/et_pb_column][\/et_pb_row][\/et_pb_section]<\/p>\n","protected":false},"excerpt":{"rendered":"<p>Mentions l\u00e9gales\u00c9diteur du site :TE.DAS (TECHNI ENTRETIEN &#8211; DAUPHINE ASSAINISSEMENT SERVICES)SARL au capital de 160 657,50 \u20acSIREN : 340 042 498 \u2013 RCS GrenobleAdresse : 501 rue Aristide Berg\u00e8s, 38330 Montbonnot-Saint-MartinEmail : contact@tedas.fr (\u00e0 adapter)Num\u00e9ro de TVA intracommunautaire : FR40340042498Dirigeants : Patrice Massador, Laurent Tournier-Trouiller, Johan Collomb H\u00e9bergement du site :Nom de l\u2019h\u00e9bergeur (ex : [&hellip;]<\/p>\n","protected":false},"author":1,"featured_media":0,"parent":0,"menu_order":0,"comment_status":"closed","ping_status":"closed","template":"","meta":{"_et_pb_use_builder":"on","_et_pb_old_content":"","_et_gb_content_width":"","footnotes":""},"class_list":["post-285","page","type-page","status-publish","hentry"],"yoast_head":"<!-- This site is optimized with the Yoast SEO plugin v25.2 - https:\/\/yoast.com\/wordpress\/plugins\/seo\/ -->\n<title>Mentions legales - TEDAS Dauphin\u00e9 Assainissement<\/title>\n<meta name=\"robots\" content=\"index, follow, max-snippet:-1, max-image-preview:large, max-video-preview:-1\" \/>\n<link rel=\"canonical\" href=\"https:\/\/tedas.fr\/?page_id=285\" \/>\n<meta property=\"og:locale\" content=\"fr_FR\" \/>\n<meta property=\"og:type\" content=\"article\" \/>\n<meta property=\"og:title\" content=\"Mentions legales - TEDAS Dauphin\u00e9 Assainissement\" \/>\n<meta property=\"og:description\" content=\"Mentions l\u00e9gales\u00c9diteur du site :TE.DAS (TECHNI ENTRETIEN - DAUPHINE ASSAINISSEMENT SERVICES)SARL au capital de 160 657,50 \u20acSIREN : 340 042 498 \u2013 RCS GrenobleAdresse : 501 rue Aristide Berg\u00e8s, 38330 Montbonnot-Saint-MartinEmail : contact@tedas.fr (\u00e0 adapter)Num\u00e9ro de TVA intracommunautaire : FR40340042498Dirigeants : Patrice Massador, Laurent Tournier-Trouiller, Johan Collomb H\u00e9bergement du site :Nom de l\u2019h\u00e9bergeur (ex : [&hellip;]\" \/>\n<meta property=\"og:url\" content=\"https:\/\/tedas.fr\/?page_id=285\" \/>\n<meta property=\"og:site_name\" content=\"TEDAS Dauphin\u00e9 Assainissement\" \/>\n<meta property=\"article:modified_time\" content=\"2025-05-30T10:56:06+00:00\" \/>\n<meta name=\"twitter:card\" content=\"summary_large_image\" \/>\n<script type=\"application\/ld+json\" class=\"yoast-schema-graph\">{\"@context\":\"https:\/\/schema.org\",\"@graph\":[{\"@type\":\"WebPage\",\"@id\":\"https:\/\/tedas.fr\/?page_id=285\",\"url\":\"https:\/\/tedas.fr\/?page_id=285\",\"name\":\"Mentions legales - TEDAS Dauphin\u00e9 Assainissement\",\"isPartOf\":{\"@id\":\"https:\/\/tedas.fr\/#website\"},\"datePublished\":\"2025-05-30T10:50:34+00:00\",\"dateModified\":\"2025-05-30T10:56:06+00:00\",\"breadcrumb\":{\"@id\":\"https:\/\/tedas.fr\/?page_id=285#breadcrumb\"},\"inLanguage\":\"fr-FR\",\"potentialAction\":[{\"@type\":\"ReadAction\",\"target\":[\"https:\/\/tedas.fr\/?page_id=285\"]}]},{\"@type\":\"BreadcrumbList\",\"@id\":\"https:\/\/tedas.fr\/?page_id=285#breadcrumb\",\"itemListElement\":[{\"@type\":\"ListItem\",\"position\":1,\"name\":\"Accueil\",\"item\":\"https:\/\/tedas.fr\/\"},{\"@type\":\"ListItem\",\"position\":2,\"name\":\"Mentions legales\"}]},{\"@type\":\"WebSite\",\"@id\":\"https:\/\/tedas.fr\/#website\",\"url\":\"https:\/\/tedas.fr\/\",\"name\":\"TEDAS Dauphin\u00e9 Assainissement\",\"description\":\"Votre partenaire d&#039;assainissement \u00e0 Grenoble\",\"potentialAction\":[{\"@type\":\"SearchAction\",\"target\":{\"@type\":\"EntryPoint\",\"urlTemplate\":\"https:\/\/tedas.fr\/?s={search_term_string}\"},\"query-input\":{\"@type\":\"PropertyValueSpecification\",\"valueRequired\":true,\"valueName\":\"search_term_string\"}}],\"inLanguage\":\"fr-FR\"}]}<\/script>\n<!-- \/ Yoast SEO plugin. -->","yoast_head_json":{"title":"Mentions legales - TEDAS Dauphin\u00e9 Assainissement","robots":{"index":"index","follow":"follow","max-snippet":"max-snippet:-1","max-image-preview":"max-image-preview:large","max-video-preview":"max-video-preview:-1"},"canonical":"https:\/\/tedas.fr\/?page_id=285","og_locale":"fr_FR","og_type":"article","og_title":"Mentions legales - TEDAS Dauphin\u00e9 Assainissement","og_description":"Mentions l\u00e9gales\u00c9diteur du site :TE.DAS (TECHNI ENTRETIEN - DAUPHINE ASSAINISSEMENT SERVICES)SARL au capital de 160 657,50 \u20acSIREN : 340 042 498 \u2013 RCS GrenobleAdresse : 501 rue Aristide Berg\u00e8s, 38330 Montbonnot-Saint-MartinEmail : contact@tedas.fr (\u00e0 adapter)Num\u00e9ro de TVA intracommunautaire : FR40340042498Dirigeants : Patrice Massador, Laurent Tournier-Trouiller, Johan Collomb H\u00e9bergement du site :Nom de l\u2019h\u00e9bergeur (ex : [&hellip;]","og_url":"https:\/\/tedas.fr\/?page_id=285","og_site_name":"TEDAS Dauphin\u00e9 Assainissement","article_modified_time":"2025-05-30T10:56:06+00:00","twitter_card":"summary_large_image","schema":{"@context":"https:\/\/schema.org","@graph":[{"@type":"WebPage","@id":"https:\/\/tedas.fr\/?page_id=285","url":"https:\/\/tedas.fr\/?page_id=285","name":"Mentions legales - TEDAS Dauphin\u00e9 Assainissement","isPartOf":{"@id":"https:\/\/tedas.fr\/#website"},"datePublished":"2025-05-30T10:50:34+00:00","dateModified":"2025-05-30T10:56:06+00:00","breadcrumb":{"@id":"https:\/\/tedas.fr\/?page_id=285#breadcrumb"},"inLanguage":"fr-FR","potentialAction":[{"@type":"ReadAction","target":["https:\/\/tedas.fr\/?page_id=285"]}]},{"@type":"BreadcrumbList","@id":"https:\/\/tedas.fr\/?page_id=285#breadcrumb","itemListElement":[{"@type":"ListItem","position":1,"name":"Accueil","item":"https:\/\/tedas.fr\/"},{"@type":"ListItem","position":2,"name":"Mentions legales"}]},{"@type":"WebSite","@id":"https:\/\/tedas.fr\/#website","url":"https:\/\/tedas.fr\/","name":"TEDAS Dauphin\u00e9 Assainissement","description":"Votre partenaire d&#039;assainissement \u00e0 Grenoble","potentialAction":[{"@type":"SearchAction","target":{"@type":"EntryPoint","urlTemplate":"https:\/\/tedas.fr\/?s={search_term_string}"},"query-input":{"@type":"PropertyValueSpecification","valueRequired":true,"valueName":"search_term_string"}}],"inLanguage":"fr-FR"}]}},"_links":{"self":[{"href":"https:\/\/tedas.fr\/index.php?rest_route=\/wp\/v2\/pages\/285","targetHints":{"allow":["GET"]}}],"collection":[{"href":"https:\/\/tedas.fr\/index.php?rest_route=\/wp\/v2\/pages"}],"about":[{"href":"https:\/\/tedas.fr\/index.php?rest_route=\/wp\/v2\/types\/page"}],"author":[{"embeddable":true,"href":"https:\/\/tedas.fr\/index.php?rest_route=\/wp\/v2\/users\/1"}],"replies":[{"embeddable":true,"href":"https:\/\/tedas.fr\/index.php?rest_route=%2Fwp%2Fv2%2Fcomments&post=285"}],"version-history":[{"count":3,"href":"https:\/\/tedas.fr\/index.php?rest_route=\/wp\/v2\/pages\/285\/revisions"}],"predecessor-version":[{"id":288,"href":"https:\/\/tedas.fr\/index.php?rest_route=\/wp\/v2\/pages\/285\/revisions\/288"}],"wp:attachment":[{"href":"https:\/\/tedas.fr\/index.php?rest_route=%2Fwp%2Fv2%2Fmedia&parent=285"}],"curies":[{"name":"wp","href":"https:\/\/api.w.org\/{rel}","templated":true}]}}