{"id":270,"date":"2025-05-30T12:33:12","date_gmt":"2025-05-30T10:33:12","guid":{"rendered":"https:\/\/tedas.fr\/?page_id=270"},"modified":"2025-05-30T12:46:20","modified_gmt":"2025-05-30T10:46:20","slug":"politique-de-confidentialite","status":"publish","type":"page","link":"https:\/\/tedas.fr\/?page_id=270","title":{"rendered":"Politique de confidentialit\u00e9"},"content":{"rendered":"<p>[et_pb_section fb_built=\u00a0\u00bb1&Prime; admin_label=\u00a0\u00bbHeader\u00a0\u00bb _builder_version=\u00a0\u00bb4.18.0&Prime; _module_preset=\u00a0\u00bbdefault\u00a0\u00bb collapsed=\u00a0\u00bbon\u00a0\u00bb global_colors_info=\u00a0\u00bb{}\u00a0\u00bb theme_builder_area=\u00a0\u00bbpost_content\u00a0\u00bb][et_pb_row _builder_version=\u00a0\u00bb4.18.0&Prime; _module_preset=\u00a0\u00bbdefault\u00a0\u00bb border_color_all=\u00a0\u00bb#000000&Prime; border_width_bottom=\u00a0\u00bb1px\u00a0\u00bb global_colors_info=\u00a0\u00bb{}\u00a0\u00bb theme_builder_area=\u00a0\u00bbpost_content\u00a0\u00bb][et_pb_column type=\u00a0\u00bb4_4&Prime; _builder_version=\u00a0\u00bb4.18.0&Prime; _module_preset=\u00a0\u00bbdefault\u00a0\u00bb global_colors_info=\u00a0\u00bb{}\u00a0\u00bb theme_builder_area=\u00a0\u00bbpost_content\u00a0\u00bb][et_pb_text _builder_version=\u00a0\u00bb4.27.4&Prime; _module_preset=\u00a0\u00bbc16985e1-e0d6-4022-964d-e2bfc04fa633&Prime; header_font=\u00a0\u00bbPoppins|500|||||||\u00a0\u00bb header_text_color=\u00a0\u00bb#000000&Prime; header_font_size=\u00a0\u00bb80px\u00a0\u00bb header_line_height=\u00a0\u00bb1.2em\u00a0\u00bb custom_margin=\u00a0\u00bb||||false|false\u00a0\u00bb hover_enabled=\u00a0\u00bb0&Prime; header_font_size_tablet=\u00a0\u00bb40px\u00a0\u00bb header_font_size_phone=\u00a0\u00bb24px\u00a0\u00bb header_font_size_last_edited=\u00a0\u00bbon|desktop\u00a0\u00bb global_colors_info=\u00a0\u00bb{}\u00a0\u00bb theme_builder_area=\u00a0\u00bbpost_content\u00a0\u00bb sticky_enabled=\u00a0\u00bb0&Prime;]<\/p>\n<h1>Politique de confidentialit\u00e9<\/h1>\n<p>[\/et_pb_text][\/et_pb_column][\/et_pb_row][et_pb_row _builder_version=\u00a0\u00bb4.18.0&Prime; _module_preset=\u00a0\u00bbdefault\u00a0\u00bb global_colors_info=\u00a0\u00bb{}\u00a0\u00bb theme_builder_area=\u00a0\u00bbpost_content\u00a0\u00bb][et_pb_column type=\u00a0\u00bb4_4&Prime; _builder_version=\u00a0\u00bb4.18.0&Prime; _module_preset=\u00a0\u00bbdefault\u00a0\u00bb global_colors_info=\u00a0\u00bb{}\u00a0\u00bb theme_builder_area=\u00a0\u00bbpost_content\u00a0\u00bb][et_pb_text _builder_version=\u00a0\u00bb4.27.4&Prime; _module_preset=\u00a0\u00bbaaa7c440-590a-4078-ae0c-0f3c699ac51c\u00a0\u00bb header_font=\u00a0\u00bb||||||||\u00a0\u00bb header_3_font=\u00a0\u00bbSpace Grotesk|500|||||||\u00a0\u00bb header_3_font_size=\u00a0\u00bb28px\u00a0\u00bb header_3_line_height=\u00a0\u00bb1.4em\u00a0\u00bb hover_enabled=\u00a0\u00bb0&Prime; header_3_font_size_tablet=\u00a0\u00bb20px\u00a0\u00bb header_3_font_size_phone=\u00a0\u00bb16px\u00a0\u00bb header_3_font_size_last_edited=\u00a0\u00bbon|phone\u00a0\u00bb global_colors_info=\u00a0\u00bb{}\u00a0\u00bb theme_builder_area=\u00a0\u00bbpost_content\u00a0\u00bb sticky_enabled=\u00a0\u00bb0&Prime;]<\/p>\n<p>Derni\u00e8re mise \u00e0 jour : 30 mai 2025<\/p>\n<p>La soci\u00e9t\u00e9 TE.DAS, SARL immatricul\u00e9e au RCS de Grenoble sous le num\u00e9ro 340 042 498, dont le si\u00e8ge social est situ\u00e9 501 rue Aristide Berg\u00e8s, 38330 Montbonnot-Saint-Martin, s\u2019engage \u00e0 prot\u00e9ger les donn\u00e9es personnelles de ses clients, partenaires, salari\u00e9s et visiteurs de son site.<\/p>\n<p>1. Responsable de traitement<br \/>Le responsable du traitement est :<br \/>TE.DAS<br \/>SARL au capital de 160 657,50 \u20ac<br \/>SIREN : 340 042 498<br \/>Si\u00e8ge : 501 rue Aristide Berg\u00e8s, 38330 Montbonnot-Saint-Martin<br \/>Contact : contact@tedas.fr \/ 04 XX XX XX XX<\/p>\n<p>2. Donn\u00e9es collect\u00e9es<br \/>Dans le cadre de ses activit\u00e9s, TE.DAS peut \u00eatre amen\u00e9e \u00e0 collecter les donn\u00e9es suivantes :<\/p>\n<p>Clients et partenaires : nom, pr\u00e9nom, entreprise, email, t\u00e9l\u00e9phone, adresse postale, donn\u00e9es de facturation.<\/p>\n<p>Salari\u00e9s et candidats : CV, lettre de motivation, donn\u00e9es RH r\u00e9glementaires.<\/p>\n<p>Utilisateurs du site : adresse IP, donn\u00e9es de navigation (via cookies), messages via formulaires de contact.<\/p>\n<p>3. Finalit\u00e9s du traitement<br \/>Les donn\u00e9es sont collect\u00e9es uniquement pour des objectifs pr\u00e9cis, l\u00e9gitimes et proportionn\u00e9s :<\/p>\n<p>Gestion des demandes clients et des devis<\/p>\n<p>Suivi des interventions techniques<\/p>\n<p>Facturation et obligations comptables<\/p>\n<p>Recrutement<\/p>\n<p>Statistiques de fr\u00e9quentation du site<\/p>\n<p>4. Bases l\u00e9gales<br \/>Les traitements de donn\u00e9es sont fond\u00e9s sur :<\/p>\n<p>L\u2019ex\u00e9cution d\u2019un contrat ou de mesures pr\u00e9contractuelles<\/p>\n<p>Le respect d\u2019obligations l\u00e9gales<\/p>\n<p>L\u2019int\u00e9r\u00eat l\u00e9gitime de TE.DAS \u00e0 assurer la gestion de son activit\u00e9<\/p>\n<p>Le consentement, pour les cookies ou certaines op\u00e9rations de communication<\/p>\n<p>5. Dur\u00e9e de conservation<br \/>Les donn\u00e9es sont conserv\u00e9es pour une dur\u00e9e conforme aux obligations l\u00e9gales et \u00e0 la finalit\u00e9 :<\/p>\n<p>Donn\u00e9es clients : 3 \u00e0 10 ans selon la nature<\/p>\n<p>Donn\u00e9es RH : 2 ans pour les candidatures, 5 ans apr\u00e8s d\u00e9part d\u2019un salari\u00e9<\/p>\n<p>Cookies : 13 mois maximum<\/p>\n<p>6. Destinataires des donn\u00e9es<br \/>Les donn\u00e9es peuvent \u00eatre transmises \u00e0 :<\/p>\n<p>Les services internes habilit\u00e9s<\/p>\n<p>Les prestataires techniques (h\u00e9bergement, maintenance informatique)<\/p>\n<p>Les autorit\u00e9s en cas d\u2019obligation l\u00e9gale<\/p>\n<p>7. H\u00e9bergement et s\u00e9curit\u00e9<br \/>Les donn\u00e9es sont h\u00e9berg\u00e9es en France ou dans l\u2019Union europ\u00e9enne. TE.DAS met en \u0153uvre les mesures techniques et organisationnelles appropri\u00e9es pour garantir la s\u00e9curit\u00e9 des donn\u00e9es.<\/p>\n<p>8. Droits des personnes<br \/>Conform\u00e9ment au R\u00e8glement G\u00e9n\u00e9ral sur la Protection des Donn\u00e9es (RGPD) et \u00e0 la loi Informatique et Libert\u00e9s, vous disposez des droits suivants :<\/p>\n<p>Droit d\u2019acc\u00e8s, de rectification, d\u2019effacement<\/p>\n<p>Droit \u00e0 la limitation, \u00e0 l\u2019opposition, et \u00e0 la portabilit\u00e9<\/p>\n<p>Droit d\u2019introduire une r\u00e9clamation aupr\u00e8s de la CNIL<\/p>\n<p>Pour exercer vos droits, vous pouvez \u00e9crire \u00e0 :<br \/>TE.DAS \u2013 D\u00e9l\u00e9gu\u00e9 \u00e0 la protection des donn\u00e9es<br \/>501 rue Aristide Berg\u00e8s, 38330 Montbonnot-Saint-Martin<br \/>ou par email : rgpd@tedas.fr<\/p>\n<p>9. Cookies<br \/>Le site de TE.DAS utilise des cookies pour am\u00e9liorer l\u2019exp\u00e9rience utilisateur. Un bandeau d\u2019information permet aux visiteurs de g\u00e9rer leur consentement.<\/p>\n<p>10. Modification de la politique<br \/>TE.DAS se r\u00e9serve le droit de modifier \u00e0 tout moment la pr\u00e9sente politique pour l\u2019adapter aux \u00e9volutions l\u00e9gales ou techniques. La version en vigueur est disponible sur demande ou en ligne.<\/p>\n<p>[\/et_pb_text][\/et_pb_column][\/et_pb_row][\/et_pb_section]<\/p>\n","protected":false},"excerpt":{"rendered":"<p>Politique de confidentialit\u00e9Derni\u00e8re mise \u00e0 jour : 30 mai 2025 La soci\u00e9t\u00e9 TE.DAS, SARL immatricul\u00e9e au RCS de Grenoble sous le num\u00e9ro 340 042 498, dont le si\u00e8ge social est situ\u00e9 501 rue Aristide Berg\u00e8s, 38330 Montbonnot-Saint-Martin, s\u2019engage \u00e0 prot\u00e9ger les donn\u00e9es personnelles de ses clients, partenaires, salari\u00e9s et visiteurs de son site. 1. Responsable [&hellip;]<\/p>\n","protected":false},"author":1,"featured_media":0,"parent":0,"menu_order":0,"comment_status":"closed","ping_status":"closed","template":"","meta":{"_et_pb_use_builder":"on","_et_pb_old_content":"","_et_gb_content_width":"","footnotes":""},"class_list":["post-270","page","type-page","status-publish","hentry"],"yoast_head":"<!-- This site is optimized with the Yoast SEO plugin v25.2 - https:\/\/yoast.com\/wordpress\/plugins\/seo\/ -->\n<title>Politique de confidentialit\u00e9 - TEDAS Dauphin\u00e9 Assainissement<\/title>\n<meta name=\"robots\" content=\"index, follow, max-snippet:-1, max-image-preview:large, max-video-preview:-1\" \/>\n<link rel=\"canonical\" href=\"https:\/\/tedas.fr\/?page_id=270\" \/>\n<meta property=\"og:locale\" content=\"fr_FR\" \/>\n<meta property=\"og:type\" content=\"article\" \/>\n<meta property=\"og:title\" content=\"Politique de confidentialit\u00e9 - TEDAS Dauphin\u00e9 Assainissement\" \/>\n<meta property=\"og:description\" content=\"Politique de confidentialit\u00e9Derni\u00e8re mise \u00e0 jour : 30 mai 2025 La soci\u00e9t\u00e9 TE.DAS, SARL immatricul\u00e9e au RCS de Grenoble sous le num\u00e9ro 340 042 498, dont le si\u00e8ge social est situ\u00e9 501 rue Aristide Berg\u00e8s, 38330 Montbonnot-Saint-Martin, s\u2019engage \u00e0 prot\u00e9ger les donn\u00e9es personnelles de ses clients, partenaires, salari\u00e9s et visiteurs de son site. 1. Responsable [&hellip;]\" \/>\n<meta property=\"og:url\" content=\"https:\/\/tedas.fr\/?page_id=270\" \/>\n<meta property=\"og:site_name\" content=\"TEDAS Dauphin\u00e9 Assainissement\" \/>\n<meta property=\"article:modified_time\" content=\"2025-05-30T10:46:20+00:00\" \/>\n<meta name=\"twitter:card\" content=\"summary_large_image\" \/>\n<script type=\"application\/ld+json\" class=\"yoast-schema-graph\">{\"@context\":\"https:\/\/schema.org\",\"@graph\":[{\"@type\":\"WebPage\",\"@id\":\"https:\/\/tedas.fr\/?page_id=270\",\"url\":\"https:\/\/tedas.fr\/?page_id=270\",\"name\":\"Politique de confidentialit\u00e9 - TEDAS Dauphin\u00e9 Assainissement\",\"isPartOf\":{\"@id\":\"https:\/\/tedas.fr\/#website\"},\"datePublished\":\"2025-05-30T10:33:12+00:00\",\"dateModified\":\"2025-05-30T10:46:20+00:00\",\"breadcrumb\":{\"@id\":\"https:\/\/tedas.fr\/?page_id=270#breadcrumb\"},\"inLanguage\":\"fr-FR\",\"potentialAction\":[{\"@type\":\"ReadAction\",\"target\":[\"https:\/\/tedas.fr\/?page_id=270\"]}]},{\"@type\":\"BreadcrumbList\",\"@id\":\"https:\/\/tedas.fr\/?page_id=270#breadcrumb\",\"itemListElement\":[{\"@type\":\"ListItem\",\"position\":1,\"name\":\"Accueil\",\"item\":\"https:\/\/tedas.fr\/\"},{\"@type\":\"ListItem\",\"position\":2,\"name\":\"Politique de confidentialit\u00e9\"}]},{\"@type\":\"WebSite\",\"@id\":\"https:\/\/tedas.fr\/#website\",\"url\":\"https:\/\/tedas.fr\/\",\"name\":\"TEDAS Dauphin\u00e9 Assainissement\",\"description\":\"Votre partenaire d&#039;assainissement \u00e0 Grenoble\",\"potentialAction\":[{\"@type\":\"SearchAction\",\"target\":{\"@type\":\"EntryPoint\",\"urlTemplate\":\"https:\/\/tedas.fr\/?s={search_term_string}\"},\"query-input\":{\"@type\":\"PropertyValueSpecification\",\"valueRequired\":true,\"valueName\":\"search_term_string\"}}],\"inLanguage\":\"fr-FR\"}]}<\/script>\n<!-- \/ Yoast SEO plugin. -->","yoast_head_json":{"title":"Politique de confidentialit\u00e9 - TEDAS Dauphin\u00e9 Assainissement","robots":{"index":"index","follow":"follow","max-snippet":"max-snippet:-1","max-image-preview":"max-image-preview:large","max-video-preview":"max-video-preview:-1"},"canonical":"https:\/\/tedas.fr\/?page_id=270","og_locale":"fr_FR","og_type":"article","og_title":"Politique de confidentialit\u00e9 - TEDAS Dauphin\u00e9 Assainissement","og_description":"Politique de confidentialit\u00e9Derni\u00e8re mise \u00e0 jour : 30 mai 2025 La soci\u00e9t\u00e9 TE.DAS, SARL immatricul\u00e9e au RCS de Grenoble sous le num\u00e9ro 340 042 498, dont le si\u00e8ge social est situ\u00e9 501 rue Aristide Berg\u00e8s, 38330 Montbonnot-Saint-Martin, s\u2019engage \u00e0 prot\u00e9ger les donn\u00e9es personnelles de ses clients, partenaires, salari\u00e9s et visiteurs de son site. 1. Responsable [&hellip;]","og_url":"https:\/\/tedas.fr\/?page_id=270","og_site_name":"TEDAS Dauphin\u00e9 Assainissement","article_modified_time":"2025-05-30T10:46:20+00:00","twitter_card":"summary_large_image","schema":{"@context":"https:\/\/schema.org","@graph":[{"@type":"WebPage","@id":"https:\/\/tedas.fr\/?page_id=270","url":"https:\/\/tedas.fr\/?page_id=270","name":"Politique de confidentialit\u00e9 - TEDAS Dauphin\u00e9 Assainissement","isPartOf":{"@id":"https:\/\/tedas.fr\/#website"},"datePublished":"2025-05-30T10:33:12+00:00","dateModified":"2025-05-30T10:46:20+00:00","breadcrumb":{"@id":"https:\/\/tedas.fr\/?page_id=270#breadcrumb"},"inLanguage":"fr-FR","potentialAction":[{"@type":"ReadAction","target":["https:\/\/tedas.fr\/?page_id=270"]}]},{"@type":"BreadcrumbList","@id":"https:\/\/tedas.fr\/?page_id=270#breadcrumb","itemListElement":[{"@type":"ListItem","position":1,"name":"Accueil","item":"https:\/\/tedas.fr\/"},{"@type":"ListItem","position":2,"name":"Politique de confidentialit\u00e9"}]},{"@type":"WebSite","@id":"https:\/\/tedas.fr\/#website","url":"https:\/\/tedas.fr\/","name":"TEDAS Dauphin\u00e9 Assainissement","description":"Votre partenaire d&#039;assainissement \u00e0 Grenoble","potentialAction":[{"@type":"SearchAction","target":{"@type":"EntryPoint","urlTemplate":"https:\/\/tedas.fr\/?s={search_term_string}"},"query-input":{"@type":"PropertyValueSpecification","valueRequired":true,"valueName":"search_term_string"}}],"inLanguage":"fr-FR"}]}},"_links":{"self":[{"href":"https:\/\/tedas.fr\/index.php?rest_route=\/wp\/v2\/pages\/270","targetHints":{"allow":["GET"]}}],"collection":[{"href":"https:\/\/tedas.fr\/index.php?rest_route=\/wp\/v2\/pages"}],"about":[{"href":"https:\/\/tedas.fr\/index.php?rest_route=\/wp\/v2\/types\/page"}],"author":[{"embeddable":true,"href":"https:\/\/tedas.fr\/index.php?rest_route=\/wp\/v2\/users\/1"}],"replies":[{"embeddable":true,"href":"https:\/\/tedas.fr\/index.php?rest_route=%2Fwp%2Fv2%2Fcomments&post=270"}],"version-history":[{"count":8,"href":"https:\/\/tedas.fr\/index.php?rest_route=\/wp\/v2\/pages\/270\/revisions"}],"predecessor-version":[{"id":284,"href":"https:\/\/tedas.fr\/index.php?rest_route=\/wp\/v2\/pages\/270\/revisions\/284"}],"wp:attachment":[{"href":"https:\/\/tedas.fr\/index.php?rest_route=%2Fwp%2Fv2%2Fmedia&parent=270"}],"curies":[{"name":"wp","href":"https:\/\/api.w.org\/{rel}","templated":true}]}}